{"id":756,"date":"2022-02-02T21:17:39","date_gmt":"2022-02-03T05:17:39","guid":{"rendered":"https:\/\/atvrosaritotours.com\/?page_id=756"},"modified":"2023-11-07T21:41:49","modified_gmt":"2023-11-08T05:41:49","slug":"reembolso_devoluciones","status":"publish","type":"page","link":"https:\/\/atvrosaritotours.com\/en\/reembolso_devoluciones\/","title":{"rendered":"Returns and refunds policy"},"content":{"rendered":"<hr class=\"wp-block-separator has-css-opacity is-style-wide\"\/>\n\n\n\n<div style=\"height:34px\" aria-hidden=\"true\" class=\"wp-block-spacer\"><\/div>\n\n\n\n<div class=\"wp-block-columns is-layout-flex wp-container-core-columns-is-layout-7387b849 wp-block-columns-is-layout-flex\">\n<div class=\"wp-block-column is-layout-flow wp-block-column-is-layout-flow\">\n<p class=\"has-medium-font-size wp-block-paragraph\"><strong>Returns and refunds policy<\/strong><\/p>\n<\/div>\n<\/div>\n\n\n\n<p class=\"wp-block-paragraph\">El deposito de la reservaci\u00f3n no sera regresado en caso de que el cliente cancele el servicio sin importar si lo hace con mucho tiempo o el mismo d\u00eda del viaje.<\/p>\n\n\n\n<p class=\"has-text-align-left wp-block-paragraph\">Para poder hacerle valido el deposito en caso de su cancelaci\u00f3n se le podr\u00e1 cambiar la fecha del viaje durante los pr\u00f3ximos 3 meses , pero NO se podr\u00e1 regresar el deposito en ning\u00fan momento<\/p>\n\n\n\n<p class=\"wp-block-paragraph\">La empresa no se hace responsable por el retardo de las aplicaciones en linea o por los bancos al momento de ver reflejado el dinero en la cuenta bancaria. <\/p>\n\n\n\n<p class=\"wp-block-paragraph\">Todo cargo ya sea por transferencia bancaria o por uso de aplicaciones en linea de env\u00edo de dinero sera cubierto en su totalidad por el cliente. <\/p>\n\n\n\n<p class=\"wp-block-paragraph\">Siempre se cobrar\u00e1 el impuesto del 16% de lo depositado al momento de su reservaci\u00f3n que es lo que cobra el SAT (Servicio de administraci\u00f3n tributaria ) que es la instituci\u00f3n mexicana encargada de los impuestos. <\/p>\n\n\n\n<h3 class=\"wp-block-heading\" id=\"nota\">Nota<br><\/h3>\n\n\n\n<p class=\"wp-block-paragraph\">Favor de comunicarse primeramente con nosotros a trav\u00e9s del email <a href=\"mailto:info@atvrosaritotours.com\">info@atvrosaritotours.com<\/a> para llevar un registro y despu\u00e9s hacernos una llamada a los tel\u00e9fonos +526611317299  o al +526611319199<\/p>","protected":false},"excerpt":{"rendered":"<p>Pol\u00edtica de devoluciones y reembolsos El deposito de la reservaci\u00f3n no sera regresado en caso de que el cliente cancele [&hellip;]<\/p>\n","protected":false},"author":1,"featured_media":0,"parent":0,"menu_order":0,"comment_status":"closed","ping_status":"closed","template":"","meta":{"_crdt_document":"","_uf_show_specific_survey":0,"_uf_disable_surveys":false,"site-sidebar-layout":"default","site-content-layout":"","ast-site-content-layout":"default","site-content-style":"default","site-sidebar-style":"default","ast-global-header-display":"","ast-banner-title-visibility":"","ast-main-header-display":"","ast-hfb-above-header-display":"","ast-hfb-below-header-display":"","ast-hfb-mobile-header-display":"","site-post-title":"disabled","ast-breadcrumbs-content":"","ast-featured-img":"","footer-sml-layout":"","ast-disable-related-posts":"","theme-transparent-header-meta":"","adv-header-id-meta":"","stick-header-meta":"","header-above-stick-meta":"","header-main-stick-meta":"","header-below-stick-meta":"","astra-migrate-meta-layouts":"set","ast-page-background-enabled":"default","ast-page-background-meta":{"desktop":{"background-color":"var(--ast-global-color-4)","background-image":"","background-repeat":"repeat","background-position":"center center","background-size":"auto","background-attachment":"scroll","background-type":"","background-media":"","overlay-type":"","overlay-color":"","overlay-opacity":"","overlay-gradient":""},"tablet":{"background-color":"","background-image":"","background-repeat":"repeat","background-position":"center center","background-size":"auto","background-attachment":"scroll","background-type":"","background-media":"","overlay-type":"","overlay-color":"","overlay-opacity":"","overlay-gradient":""},"mobile":{"background-color":"","background-image":"","background-repeat":"repeat","background-position":"center center","background-size":"auto","background-attachment":"scroll","background-type":"","background-media":"","overlay-type":"","overlay-color":"","overlay-opacity":"","overlay-gradient":""}},"ast-content-background-meta":{"desktop":{"background-color":"var(--ast-global-color-5)","background-image":"","background-repeat":"repeat","background-position":"center center","background-size":"auto","background-attachment":"scroll","background-type":"","background-media":"","overlay-type":"","overlay-color":"","overlay-opacity":"","overlay-gradient":""},"tablet":{"background-color":"var(--ast-global-color-5)","background-image":"","background-repeat":"repeat","background-position":"center center","background-size":"auto","background-attachment":"scroll","background-type":"","background-media":"","overlay-type":"","overlay-color":"","overlay-opacity":"","overlay-gradient":""},"mobile":{"background-color":"var(--ast-global-color-5)","background-image":"","background-repeat":"repeat","background-position":"center center","background-size":"auto","background-attachment":"scroll","background-type":"","background-media":"","overlay-type":"","overlay-color":"","overlay-opacity":"","overlay-gradient":""}},"_themeisle_gutenberg_block_has_review":false,"footnotes":""},"class_list":["post-756","page","type-page","status-publish","hentry"],"yoast_head":"<!-- This site is optimized with the Yoast SEO plugin v27.3 - https:\/\/yoast.com\/product\/yoast-seo-wordpress\/ -->\n<title>Pol\u00edtica de devoluciones y reembolsos - Atv Rosarito Tours<\/title>\n<meta name=\"robots\" content=\"noindex, nofollow\" \/>\n<meta property=\"og:locale\" content=\"en_US\" \/>\n<meta property=\"og:type\" content=\"article\" \/>\n<meta property=\"og:title\" content=\"Pol\u00edtica de devoluciones y reembolsos - Atv Rosarito Tours\" \/>\n<meta property=\"og:description\" content=\"Pol\u00edtica de devoluciones y reembolsos El deposito de la reservaci\u00f3n no sera regresado en caso de que el cliente cancele [&hellip;]\" \/>\n<meta property=\"og:url\" content=\"https:\/\/atvrosaritotours.com\/en\/reembolso_devoluciones\/\" \/>\n<meta property=\"og:site_name\" content=\"Atv Rosarito Tours\" \/>\n<meta property=\"article:publisher\" content=\"https:\/\/www.facebook.com\/winetoursvalledeguadalupe\/\" \/>\n<meta property=\"article:modified_time\" content=\"2023-11-08T05:41:49+00:00\" \/>\n<meta property=\"og:image\" content=\"https:\/\/atvrosaritotours.com\/wp-content\/uploads\/2021\/10\/experienciasbaja2-e1642742220832.jpeg\" \/>\n\t<meta property=\"og:image:width\" content=\"300\" \/>\n\t<meta property=\"og:image:height\" content=\"300\" \/>\n\t<meta property=\"og:image:type\" content=\"image\/jpeg\" \/>\n<meta name=\"twitter:card\" content=\"summary_large_image\" \/>\n<meta name=\"twitter:label1\" content=\"Est. reading time\" \/>\n\t<meta name=\"twitter:data1\" content=\"1 minute\" \/>\n<script type=\"application\/ld+json\" class=\"yoast-schema-graph\">{\"@context\":\"https:\\\/\\\/schema.org\",\"@graph\":[{\"@type\":\"WebPage\",\"@id\":\"https:\\\/\\\/atvrosaritotours.com\\\/en\\\/reembolso_devoluciones\\\/\",\"url\":\"https:\\\/\\\/atvrosaritotours.com\\\/en\\\/reembolso_devoluciones\\\/\",\"name\":\"Pol\u00edtica de devoluciones y reembolsos - Atv Rosarito Tours\",\"isPartOf\":{\"@id\":\"https:\\\/\\\/atvrosaritotours.com\\\/#website\"},\"datePublished\":\"2022-02-03T05:17:39+00:00\",\"dateModified\":\"2023-11-08T05:41:49+00:00\",\"breadcrumb\":{\"@id\":\"https:\\\/\\\/atvrosaritotours.com\\\/en\\\/reembolso_devoluciones\\\/#breadcrumb\"},\"inLanguage\":\"en-US\",\"potentialAction\":[{\"@type\":\"ReadAction\",\"target\":[\"https:\\\/\\\/atvrosaritotours.com\\\/en\\\/reembolso_devoluciones\\\/\"]}]},{\"@type\":\"BreadcrumbList\",\"@id\":\"https:\\\/\\\/atvrosaritotours.com\\\/en\\\/reembolso_devoluciones\\\/#breadcrumb\",\"itemListElement\":[{\"@type\":\"ListItem\",\"position\":1,\"name\":\"Portada\",\"item\":\"https:\\\/\\\/atvrosaritotours.com\\\/\"},{\"@type\":\"ListItem\",\"position\":2,\"name\":\"Pol\u00edtica de devoluciones y reembolsos\"}]},{\"@type\":\"WebSite\",\"@id\":\"https:\\\/\\\/atvrosaritotours.com\\\/#website\",\"url\":\"https:\\\/\\\/atvrosaritotours.com\\\/\",\"name\":\"Atv Rosarito Tours\",\"description\":\"ATV en Rosarito y Tours en el Valle de Guadalupe\",\"publisher\":{\"@id\":\"https:\\\/\\\/atvrosaritotours.com\\\/#organization\"},\"potentialAction\":[{\"@type\":\"SearchAction\",\"target\":{\"@type\":\"EntryPoint\",\"urlTemplate\":\"https:\\\/\\\/atvrosaritotours.com\\\/?s={search_term_string}\"},\"query-input\":{\"@type\":\"PropertyValueSpecification\",\"valueRequired\":true,\"valueName\":\"search_term_string\"}}],\"inLanguage\":\"en-US\"},{\"@type\":\"Organization\",\"@id\":\"https:\\\/\\\/atvrosaritotours.com\\\/#organization\",\"name\":\"Experiencias Baja atvrosaritotours\",\"url\":\"https:\\\/\\\/atvrosaritotours.com\\\/\",\"logo\":{\"@type\":\"ImageObject\",\"inLanguage\":\"en-US\",\"@id\":\"https:\\\/\\\/atvrosaritotours.com\\\/#\\\/schema\\\/logo\\\/image\\\/\",\"url\":\"https:\\\/\\\/atvrosaritotours.com\\\/wp-content\\\/uploads\\\/2021\\\/10\\\/experienciasbaja2-e1642742220832.jpeg\",\"contentUrl\":\"https:\\\/\\\/atvrosaritotours.com\\\/wp-content\\\/uploads\\\/2021\\\/10\\\/experienciasbaja2-e1642742220832.jpeg\",\"width\":300,\"height\":300,\"caption\":\"Experiencias Baja atvrosaritotours\"},\"image\":{\"@id\":\"https:\\\/\\\/atvrosaritotours.com\\\/#\\\/schema\\\/logo\\\/image\\\/\"},\"sameAs\":[\"https:\\\/\\\/www.facebook.com\\\/winetoursvalledeguadalupe\\\/\",\"https:\\\/\\\/www.instagram.com\\\/atvrosaritotours\",\"https:\\\/\\\/www.youtube.com\\\/channel\\\/UCn-nOKeLooCDHxEfuofijFQ\"]}]}<\/script>\n<!-- \/ Yoast SEO plugin. -->","yoast_head_json":{"title":"Pol\u00edtica de devoluciones y reembolsos - Atv Rosarito Tours","robots":{"index":"noindex","follow":"nofollow"},"og_locale":"en_US","og_type":"article","og_title":"Pol\u00edtica de devoluciones y reembolsos - Atv Rosarito Tours","og_description":"Pol\u00edtica de devoluciones y reembolsos El deposito de la reservaci\u00f3n no sera regresado en caso de que el cliente cancele [&hellip;]","og_url":"https:\/\/atvrosaritotours.com\/en\/reembolso_devoluciones\/","og_site_name":"Atv Rosarito Tours","article_publisher":"https:\/\/www.facebook.com\/winetoursvalledeguadalupe\/","article_modified_time":"2023-11-08T05:41:49+00:00","og_image":[{"width":300,"height":300,"url":"https:\/\/atvrosaritotours.com\/wp-content\/uploads\/2021\/10\/experienciasbaja2-e1642742220832.jpeg","type":"image\/jpeg"}],"twitter_card":"summary_large_image","twitter_misc":{"Est. reading time":"1 minute"},"schema":{"@context":"https:\/\/schema.org","@graph":[{"@type":"WebPage","@id":"https:\/\/atvrosaritotours.com\/en\/reembolso_devoluciones\/","url":"https:\/\/atvrosaritotours.com\/en\/reembolso_devoluciones\/","name":"Pol\u00edtica de devoluciones y reembolsos - Atv Rosarito Tours","isPartOf":{"@id":"https:\/\/atvrosaritotours.com\/#website"},"datePublished":"2022-02-03T05:17:39+00:00","dateModified":"2023-11-08T05:41:49+00:00","breadcrumb":{"@id":"https:\/\/atvrosaritotours.com\/en\/reembolso_devoluciones\/#breadcrumb"},"inLanguage":"en-US","potentialAction":[{"@type":"ReadAction","target":["https:\/\/atvrosaritotours.com\/en\/reembolso_devoluciones\/"]}]},{"@type":"BreadcrumbList","@id":"https:\/\/atvrosaritotours.com\/en\/reembolso_devoluciones\/#breadcrumb","itemListElement":[{"@type":"ListItem","position":1,"name":"Portada","item":"https:\/\/atvrosaritotours.com\/"},{"@type":"ListItem","position":2,"name":"Pol\u00edtica de devoluciones y reembolsos"}]},{"@type":"WebSite","@id":"https:\/\/atvrosaritotours.com\/#website","url":"https:\/\/atvrosaritotours.com\/","name":"Atv Rosarito Tours","description":"ATV en Rosarito y Tours en el Valle de Guadalupe","publisher":{"@id":"https:\/\/atvrosaritotours.com\/#organization"},"potentialAction":[{"@type":"SearchAction","target":{"@type":"EntryPoint","urlTemplate":"https:\/\/atvrosaritotours.com\/?s={search_term_string}"},"query-input":{"@type":"PropertyValueSpecification","valueRequired":true,"valueName":"search_term_string"}}],"inLanguage":"en-US"},{"@type":"Organization","@id":"https:\/\/atvrosaritotours.com\/#organization","name":"Experiencias Baja atvrosaritotours","url":"https:\/\/atvrosaritotours.com\/","logo":{"@type":"ImageObject","inLanguage":"en-US","@id":"https:\/\/atvrosaritotours.com\/#\/schema\/logo\/image\/","url":"https:\/\/atvrosaritotours.com\/wp-content\/uploads\/2021\/10\/experienciasbaja2-e1642742220832.jpeg","contentUrl":"https:\/\/atvrosaritotours.com\/wp-content\/uploads\/2021\/10\/experienciasbaja2-e1642742220832.jpeg","width":300,"height":300,"caption":"Experiencias Baja atvrosaritotours"},"image":{"@id":"https:\/\/atvrosaritotours.com\/#\/schema\/logo\/image\/"},"sameAs":["https:\/\/www.facebook.com\/winetoursvalledeguadalupe\/","https:\/\/www.instagram.com\/atvrosaritotours","https:\/\/www.youtube.com\/channel\/UCn-nOKeLooCDHxEfuofijFQ"]}]}},"brizy_media":[],"_links":{"self":[{"href":"https:\/\/atvrosaritotours.com\/en\/wp-json\/wp\/v2\/pages\/756","targetHints":{"allow":["GET"]}}],"collection":[{"href":"https:\/\/atvrosaritotours.com\/en\/wp-json\/wp\/v2\/pages"}],"about":[{"href":"https:\/\/atvrosaritotours.com\/en\/wp-json\/wp\/v2\/types\/page"}],"author":[{"embeddable":true,"href":"https:\/\/atvrosaritotours.com\/en\/wp-json\/wp\/v2\/users\/1"}],"replies":[{"embeddable":true,"href":"https:\/\/atvrosaritotours.com\/en\/wp-json\/wp\/v2\/comments?post=756"}],"version-history":[{"count":0,"href":"https:\/\/atvrosaritotours.com\/en\/wp-json\/wp\/v2\/pages\/756\/revisions"}],"wp:attachment":[{"href":"https:\/\/atvrosaritotours.com\/en\/wp-json\/wp\/v2\/media?parent=756"}],"curies":[{"name":"wp","href":"https:\/\/api.w.org\/{rel}","templated":true}]}}