{"id":2060,"date":"2023-10-17T16:49:12","date_gmt":"2023-10-17T23:49:12","guid":{"rendered":"https:\/\/atvrosaritotours.com\/?page_id=2060"},"modified":"2025-10-07T10:57:01","modified_gmt":"2025-10-07T17:57:01","slug":"tirolesa-y-atv-tour","status":"publish","type":"page","link":"https:\/\/atvrosaritotours.com\/en\/tirolesa-y-atv-tour\/","title":{"rendered":"Tirolesa y atv tour"},"content":{"rendered":"\n<h2 class=\"wp-block-heading has-text-align-center\">Tirolesa y atv tour<\/h2>\n\n\n\n<div class=\"wp-block-columns is-layout-flex wp-container-core-columns-is-layout-7387b849 wp-block-columns-is-layout-flex\">\n<div class=\"wp-block-column is-layout-flow wp-block-column-is-layout-flow\" style=\"flex-basis:25%\"><\/div>\n\n\n\n<div class=\"wp-block-column is-layout-flow wp-block-column-is-layout-flow\" style=\"flex-basis:50%\">\n<div id=\"wp-block-themeisle-blocks-slider-73631692\" class=\"wp-block-themeisle-blocks-slider glide\" data-per-view=\"1\" data-gap=\"0\" data-peek=\"0\" data-autoplay=\"1000\" data-height=\"450px\" data-hide-arrows=\"false\"><div class=\"glide__track\" data-glide-el=\"track\"><div class=\"glide__slides\"><div class=\"wp-block-themeisle-blocks-slider-item-wrapper glide__slide\" tabindex=\"0\"><figure><img decoding=\"async\" class=\"wp-block-themeisle-blocks-slider-item\" src=\"https:\/\/atvrosaritotours.com\/wp-content\/uploads\/2023\/10\/WhatsApp-Image-2023-10-17-at-3.17.25-PM.jpeg\" alt=\"\" title=\"\" data-id=\"2059\"\/><\/figure><\/div><div class=\"wp-block-themeisle-blocks-slider-item-wrapper glide__slide\" tabindex=\"0\"><figure><img decoding=\"async\" class=\"wp-block-themeisle-blocks-slider-item\" src=\"https:\/\/atvrosaritotours.com\/wp-content\/uploads\/2023\/10\/WhatsApp-Image-2023-10-17-at-3.17.26-PM.jpeg\" alt=\"\" title=\"\" data-id=\"2058\"\/><\/figure><\/div><div class=\"wp-block-themeisle-blocks-slider-item-wrapper glide__slide\" tabindex=\"0\"><figure><img decoding=\"async\" class=\"wp-block-themeisle-blocks-slider-item\" src=\"https:\/\/atvrosaritotours.com\/wp-content\/uploads\/2023\/10\/WhatsApp-Image-2023-10-17-at-3.17.26-PM1.jpeg\" alt=\"\" title=\"\" data-id=\"2057\"\/><\/figure><\/div><div class=\"wp-block-themeisle-blocks-slider-item-wrapper glide__slide\" tabindex=\"0\"><figure><img decoding=\"async\" class=\"wp-block-themeisle-blocks-slider-item\" src=\"https:\/\/atvrosaritotours.com\/wp-content\/uploads\/2023\/10\/WhatsApp-Image-2023-10-17-at-3.17.28-PM.jpeg\" alt=\"\" title=\"\" data-id=\"2056\"\/><\/figure><\/div><div class=\"wp-block-themeisle-blocks-slider-item-wrapper glide__slide\" tabindex=\"0\"><figure><img decoding=\"async\" class=\"wp-block-themeisle-blocks-slider-item\" src=\"https:\/\/atvrosaritotours.com\/wp-content\/uploads\/2023\/10\/WhatsApp-Image-2023-10-17-at-3.20.32-PM.jpeg\" alt=\"\" title=\"\" data-id=\"2052\"\/><\/figure><\/div><div class=\"wp-block-themeisle-blocks-slider-item-wrapper glide__slide\" tabindex=\"0\"><figure><img decoding=\"async\" class=\"wp-block-themeisle-blocks-slider-item\" src=\"https:\/\/atvrosaritotours.com\/wp-content\/uploads\/2023\/10\/WhatsApp-Image-2023-10-17-at-3.17.29-PM2.jpeg\" alt=\"\" title=\"\" data-id=\"2053\"\/><\/figure><\/div><div class=\"wp-block-themeisle-blocks-slider-item-wrapper glide__slide\" tabindex=\"0\"><figure><img decoding=\"async\" class=\"wp-block-themeisle-blocks-slider-item\" src=\"https:\/\/atvrosaritotours.com\/wp-content\/uploads\/2023\/10\/WhatsApp-Image-2023-10-17-at-3.17.29-PM1.jpeg\" alt=\"\" title=\"\" data-id=\"2054\"\/><\/figure><\/div><div class=\"wp-block-themeisle-blocks-slider-item-wrapper glide__slide\" tabindex=\"0\"><figure><img decoding=\"async\" class=\"wp-block-themeisle-blocks-slider-item\" src=\"https:\/\/atvrosaritotours.com\/wp-content\/uploads\/2023\/10\/WhatsApp-Image-2023-10-17-at-3.17.29-PM.jpeg\" alt=\"\" title=\"\" data-id=\"2055\"\/><\/figure><\/div><div class=\"wp-block-themeisle-blocks-slider-item-wrapper glide__slide\" tabindex=\"0\"><figure><img decoding=\"async\" class=\"wp-block-themeisle-blocks-slider-item\" src=\"https:\/\/atvrosaritotours.com\/wp-content\/uploads\/2023\/10\/WhatsApp-Image-2023-10-17-at-3.20.34-PM.jpeg\" alt=\"\" title=\"\" data-id=\"2051\"\/><\/figure><\/div><div class=\"wp-block-themeisle-blocks-slider-item-wrapper glide__slide\" tabindex=\"0\"><figure><img decoding=\"async\" class=\"wp-block-themeisle-blocks-slider-item\" src=\"https:\/\/atvrosaritotours.com\/wp-content\/uploads\/2023\/10\/WhatsApp-Image-2023-10-17-at-3.20.34-PM1.jpeg\" alt=\"\" title=\"\" data-id=\"2050\"\/><\/figure><\/div><div class=\"wp-block-themeisle-blocks-slider-item-wrapper glide__slide\" tabindex=\"0\"><figure><img decoding=\"async\" class=\"wp-block-themeisle-blocks-slider-item\" src=\"https:\/\/atvrosaritotours.com\/wp-content\/uploads\/2023\/10\/WhatsApp-Image-2023-10-17-at-3.20.34-PM2.jpeg\" alt=\"\" title=\"\" data-id=\"2049\"\/><\/figure><\/div><div class=\"wp-block-themeisle-blocks-slider-item-wrapper glide__slide\" tabindex=\"0\"><figure><img decoding=\"async\" class=\"wp-block-themeisle-blocks-slider-item\" src=\"https:\/\/atvrosaritotours.com\/wp-content\/uploads\/2023\/10\/WhatsApp-Image-2023-10-17-at-3.20.38-PM.jpeg\" alt=\"\" title=\"\" data-id=\"2048\"\/><\/figure><\/div><\/div><div class=\"glide__bullets\" data-glide-el=\"controls[nav]\"><button class=\"glide__bullet\" data-glide-dir=\"=0\"><\/button><button class=\"glide__bullet\" data-glide-dir=\"=1\"><\/button><button class=\"glide__bullet\" data-glide-dir=\"=2\"><\/button><button class=\"glide__bullet\" data-glide-dir=\"=3\"><\/button><button class=\"glide__bullet\" data-glide-dir=\"=4\"><\/button><button class=\"glide__bullet\" data-glide-dir=\"=5\"><\/button><button class=\"glide__bullet\" data-glide-dir=\"=6\"><\/button><button class=\"glide__bullet\" data-glide-dir=\"=7\"><\/button><button class=\"glide__bullet\" data-glide-dir=\"=8\"><\/button><button class=\"glide__bullet\" data-glide-dir=\"=9\"><\/button><button class=\"glide__bullet\" data-glide-dir=\"=10\"><\/button><button class=\"glide__bullet\" data-glide-dir=\"=11\"><\/button><\/div><\/div><\/div>\n<\/div>\n\n\n\n<div class=\"wp-block-column is-layout-flow wp-block-column-is-layout-flow\" style=\"flex-basis:25%\"><\/div>\n<\/div>\n\n\n\n<div style=\"height:62px\" aria-hidden=\"true\" class=\"wp-block-spacer\"><\/div>\n\n\n\n<div class=\"wp-block-columns is-layout-flex wp-container-core-columns-is-layout-7387b849 wp-block-columns-is-layout-flex\">\n<div class=\"wp-block-column is-layout-flow wp-block-column-is-layout-flow\">\n<h2 class=\"wp-block-heading has-text-align-center\"><strong>Tirolesa en Rosarito y paseo en atv cuatrimotos<\/strong><\/h2>\n\n\n\n<h2 class=\"wp-block-heading has-text-align-center\"><strong>\/restaurante media luna<\/strong><\/h2>\n\n\n\n<p class=\"wp-block-paragraph\">\u00a1Prep\u00e1rate para una experiencia inolvidable en Rosarito con nuestro <strong>Tirolesa y ATV Tour<\/strong>, una aventura llena de adrenalina, paisajes espectaculares y momentos perfectos para disfrutar en familia!<\/p>\n\n\n\n<p class=\"wp-block-paragraph\">Comenzamos la jornada subiendo a la parte m\u00e1s alta de Rosarito, donde te espera la <strong>mejor vista panor\u00e1mica al oc\u00e9ano<\/strong>. Desde este punto privilegiado, sentir\u00e1s c\u00f3mo el viento te acompa\u00f1a mientras contemplas el majestuoso paisaje costero. Aqu\u00ed tendr\u00e1s <strong>45 minutos de pura emoci\u00f3n<\/strong> en nuestras cuatrimotos autom\u00e1ticas, f\u00e1ciles de manejar, lo que las hace ideales para todas las edades y niveles de experiencia. Tanto si eres principiante como si tienes experiencia en veh\u00edculos todoterreno, este paseo ser\u00e1 divertido y totalmente inolvidable. \u00a1Es perfecto para compartir con la familia!<\/p>\n\n\n\n<h2 class=\"wp-block-heading has-text-align-center\">Tirolesa a 100 metros<\/h2>\n\n\n\n<p class=\"wp-block-paragraph\">Despu\u00e9s de la aventura en ATV, nos trasladamos a nuestra emocionante actividad de tirolesa. Con tirolesas que alcanzan m\u00e1s de 100 metros de altura y recorren 250 metros de longitud, <strong>sentir\u00e1s la adrenalina<\/strong> mientras te deslizas sobre el impresionante paisaje. Esta actividad est\u00e1 dise\u00f1ada para participantes de 12 a\u00f1os en adelante, pero no te preocupes si tienes ni\u00f1os m\u00e1s peque\u00f1os, ya que contamos con tirolesas especiales adaptadas para los m\u00e1s peque\u00f1os de la familia, garantizando su seguridad y diversi\u00f3n. \u00a1Aqu\u00ed, todos se llevan una experiencia incre\u00edble!<\/p>\n\n\n\n<p class=\"wp-block-paragraph\">Tras disfrutar de estas emocionantes actividades, tendr\u00e1s tiempo libre para relajarte y disfrutar de una comida en el <strong>Restaurante Media Luna<\/strong>, conocido por su deliciosa cocina de campo (los alimentos y bebidas no est\u00e1n incluidos, pero la experiencia culinaria es inigualable). Aqu\u00ed podr\u00e1s recargar energ\u00edas mientras compartes tus momentos favoritos de la jornada con tus acompa\u00f1antes.<\/p>\n\n\n\n<p class=\"wp-block-paragraph\">Para concluir este d\u00eda lleno de aventura, te llevamos de vuelta c\u00f3modamente a tu hotel o Airbnb. \u00a1Gracias por elegir esta <strong>experiencia \u00fanica en Rosarito<\/strong>! No esperes m\u00e1s para <strong>reservar tu lugar<\/strong> y vivir una aventura que quedar\u00e1 para siempre en tu memoria.<\/p>\n\n\n\n<p class=\"has-text-align-center has-large-font-size wp-block-paragraph\"><strong>Costo por persona de 120 dolares<\/strong><\/p>\n\n\n\n<p class=\"has-text-align-center has-large-font-size wp-block-paragraph\"><strong>*minimo 6 personas por tour<\/strong><\/p>\n<\/div>\n<\/div>\n\n\n\n<div style=\"height:55px\" aria-hidden=\"true\" class=\"wp-block-spacer\"><\/div>\n\n\n\n<div class=\"wp-block-columns is-layout-flex wp-container-core-columns-is-layout-7387b849 wp-block-columns-is-layout-flex\">\n<div class=\"wp-block-column is-layout-flow wp-block-column-is-layout-flow\">\n<div class=\"wp-block-buttons is-content-justification-center is-layout-flex wp-container-core-buttons-is-layout-3e41869c wp-block-buttons-is-layout-flex\">\n<div class=\"wp-block-button is-style-primary\"><a class=\"wp-block-button__link has-ast-global-color-5-color has-ast-global-color-0-background-color has-text-color has-background\" href=\"https:\/\/www.paypal.com\/paypalme\/Jesusdurancuen\" style=\"border-radius:41px\"><strong>Reserva<\/strong><\/a><\/div>\n<\/div>\n<\/div>\n<\/div>\n\n\n\n<div style=\"height:55px\" aria-hidden=\"true\" class=\"wp-block-spacer\"><\/div>\n","protected":false},"excerpt":{"rendered":"<p>Tirolesa y atv tour Tirolesa en Rosarito y paseo en atv cuatrimotos \/restaurante media luna \u00a1Prep\u00e1rate para una experiencia inolvidable [&hellip;]<\/p>\n","protected":false},"author":1,"featured_media":2052,"parent":0,"menu_order":0,"comment_status":"closed","ping_status":"closed","template":"","meta":{"_crdt_document":"","_uf_show_specific_survey":0,"_uf_disable_surveys":false,"site-sidebar-layout":"default","site-content-layout":"","ast-site-content-layout":"default","site-content-style":"default","site-sidebar-style":"default","ast-global-header-display":"","ast-banner-title-visibility":"","ast-main-header-display":"","ast-hfb-above-header-display":"","ast-hfb-below-header-display":"","ast-hfb-mobile-header-display":"","site-post-title":"disabled","ast-breadcrumbs-content":"","ast-featured-img":"disabled","footer-sml-layout":"","ast-disable-related-posts":"","theme-transparent-header-meta":"","adv-header-id-meta":"","stick-header-meta":"","header-above-stick-meta":"","header-main-stick-meta":"","header-below-stick-meta":"","astra-migrate-meta-layouts":"set","ast-page-background-enabled":"default","ast-page-background-meta":{"desktop":{"background-color":"var(--ast-global-color-4)","background-image":"","background-repeat":"repeat","background-position":"center center","background-size":"auto","background-attachment":"scroll","background-type":"","background-media":"","overlay-type":"","overlay-color":"","overlay-opacity":"","overlay-gradient":""},"tablet":{"background-color":"","background-image":"","background-repeat":"repeat","background-position":"center center","background-size":"auto","background-attachment":"scroll","background-type":"","background-media":"","overlay-type":"","overlay-color":"","overlay-opacity":"","overlay-gradient":""},"mobile":{"background-color":"","background-image":"","background-repeat":"repeat","background-position":"center center","background-size":"auto","background-attachment":"scroll","background-type":"","background-media":"","overlay-type":"","overlay-color":"","overlay-opacity":"","overlay-gradient":""}},"ast-content-background-meta":{"desktop":{"background-color":"var(--ast-global-color-5)","background-image":"","background-repeat":"repeat","background-position":"center center","background-size":"auto","background-attachment":"scroll","background-type":"","background-media":"","overlay-type":"","overlay-color":"","overlay-opacity":"","overlay-gradient":""},"tablet":{"background-color":"var(--ast-global-color-5)","background-image":"","background-repeat":"repeat","background-position":"center center","background-size":"auto","background-attachment":"scroll","background-type":"","background-media":"","overlay-type":"","overlay-color":"","overlay-opacity":"","overlay-gradient":""},"mobile":{"background-color":"var(--ast-global-color-5)","background-image":"","background-repeat":"repeat","background-position":"center center","background-size":"auto","background-attachment":"scroll","background-type":"","background-media":"","overlay-type":"","overlay-color":"","overlay-opacity":"","overlay-gradient":""}},"_themeisle_gutenberg_block_has_review":false,"footnotes":""},"class_list":["post-2060","page","type-page","status-publish","has-post-thumbnail","hentry"],"yoast_head":"<!-- This site is optimized with the Yoast SEO plugin v27.3 - https:\/\/yoast.com\/product\/yoast-seo-wordpress\/ -->\n<title>Tirolesa y atv tour - Cuatrimotos<\/title>\n<meta name=\"description\" content=\"&quot;Disfruta de la aventura con tirolesa y ATV tour en Rosarito. Vive emociones \u00fanicas con paisajes impresionantes y adrenalina.&quot;\" \/>\n<meta name=\"robots\" content=\"index, follow, max-snippet:-1, max-image-preview:large, max-video-preview:-1\" \/>\n<link rel=\"canonical\" href=\"https:\/\/atvrosaritotours.com\/en\/tirolesa-y-atv-tour\/\" \/>\n<meta property=\"og:locale\" content=\"en_US\" \/>\n<meta property=\"og:type\" content=\"article\" \/>\n<meta property=\"og:title\" content=\"Tirolesa y atv tour - Cuatrimotos\" \/>\n<meta property=\"og:description\" content=\"&quot;Disfruta de la aventura con tirolesa y ATV tour en Rosarito. Vive emociones \u00fanicas con paisajes impresionantes y adrenalina.&quot;\" \/>\n<meta property=\"og:url\" content=\"https:\/\/atvrosaritotours.com\/en\/tirolesa-y-atv-tour\/\" \/>\n<meta property=\"og:site_name\" content=\"Atv Rosarito Tours\" \/>\n<meta property=\"article:publisher\" content=\"https:\/\/www.facebook.com\/winetoursvalledeguadalupe\/\" \/>\n<meta property=\"article:modified_time\" content=\"2025-10-07T17:57:01+00:00\" \/>\n<meta property=\"og:image\" content=\"https:\/\/atvrosaritotours.com\/wp-content\/uploads\/2023\/10\/WhatsApp-Image-2023-10-17-at-3.20.32-PM.jpeg\" \/>\n\t<meta property=\"og:image:width\" content=\"1080\" \/>\n\t<meta property=\"og:image:height\" content=\"1080\" \/>\n\t<meta property=\"og:image:type\" content=\"image\/jpeg\" \/>\n<meta name=\"twitter:card\" content=\"summary_large_image\" \/>\n<meta name=\"twitter:label1\" content=\"Est. reading time\" \/>\n\t<meta name=\"twitter:data1\" content=\"2 minutes\" \/>\n<script type=\"application\/ld+json\" class=\"yoast-schema-graph\">{\"@context\":\"https:\\\/\\\/schema.org\",\"@graph\":[{\"@type\":\"WebPage\",\"@id\":\"https:\\\/\\\/atvrosaritotours.com\\\/tirolesa-y-atv-tour\\\/\",\"url\":\"https:\\\/\\\/atvrosaritotours.com\\\/tirolesa-y-atv-tour\\\/\",\"name\":\"Tirolesa y atv tour - Cuatrimotos\",\"isPartOf\":{\"@id\":\"https:\\\/\\\/atvrosaritotours.com\\\/#website\"},\"primaryImageOfPage\":{\"@id\":\"https:\\\/\\\/atvrosaritotours.com\\\/tirolesa-y-atv-tour\\\/#primaryimage\"},\"image\":{\"@id\":\"https:\\\/\\\/atvrosaritotours.com\\\/tirolesa-y-atv-tour\\\/#primaryimage\"},\"thumbnailUrl\":\"https:\\\/\\\/atvrosaritotours.com\\\/wp-content\\\/uploads\\\/2023\\\/10\\\/WhatsApp-Image-2023-10-17-at-3.20.32-PM.jpeg\",\"datePublished\":\"2023-10-17T23:49:12+00:00\",\"dateModified\":\"2025-10-07T17:57:01+00:00\",\"description\":\"\\\"Disfruta de la aventura con tirolesa y ATV tour en Rosarito. Vive emociones \u00fanicas con paisajes impresionantes y adrenalina.\\\"\",\"breadcrumb\":{\"@id\":\"https:\\\/\\\/atvrosaritotours.com\\\/tirolesa-y-atv-tour\\\/#breadcrumb\"},\"inLanguage\":\"en-US\",\"potentialAction\":[{\"@type\":\"ReadAction\",\"target\":[\"https:\\\/\\\/atvrosaritotours.com\\\/tirolesa-y-atv-tour\\\/\"]}]},{\"@type\":\"ImageObject\",\"inLanguage\":\"en-US\",\"@id\":\"https:\\\/\\\/atvrosaritotours.com\\\/tirolesa-y-atv-tour\\\/#primaryimage\",\"url\":\"https:\\\/\\\/atvrosaritotours.com\\\/wp-content\\\/uploads\\\/2023\\\/10\\\/WhatsApp-Image-2023-10-17-at-3.20.32-PM.jpeg\",\"contentUrl\":\"https:\\\/\\\/atvrosaritotours.com\\\/wp-content\\\/uploads\\\/2023\\\/10\\\/WhatsApp-Image-2023-10-17-at-3.20.32-PM.jpeg\",\"width\":1080,\"height\":1080},{\"@type\":\"BreadcrumbList\",\"@id\":\"https:\\\/\\\/atvrosaritotours.com\\\/tirolesa-y-atv-tour\\\/#breadcrumb\",\"itemListElement\":[{\"@type\":\"ListItem\",\"position\":1,\"name\":\"Portada\",\"item\":\"https:\\\/\\\/atvrosaritotours.com\\\/\"},{\"@type\":\"ListItem\",\"position\":2,\"name\":\"Tirolesa y atv tour\"}]},{\"@type\":\"WebSite\",\"@id\":\"https:\\\/\\\/atvrosaritotours.com\\\/#website\",\"url\":\"https:\\\/\\\/atvrosaritotours.com\\\/\",\"name\":\"Atv Rosarito Tours\",\"description\":\"ATV en Rosarito y Tours en el Valle de Guadalupe\",\"publisher\":{\"@id\":\"https:\\\/\\\/atvrosaritotours.com\\\/#organization\"},\"potentialAction\":[{\"@type\":\"SearchAction\",\"target\":{\"@type\":\"EntryPoint\",\"urlTemplate\":\"https:\\\/\\\/atvrosaritotours.com\\\/?s={search_term_string}\"},\"query-input\":{\"@type\":\"PropertyValueSpecification\",\"valueRequired\":true,\"valueName\":\"search_term_string\"}}],\"inLanguage\":\"en-US\"},{\"@type\":\"Organization\",\"@id\":\"https:\\\/\\\/atvrosaritotours.com\\\/#organization\",\"name\":\"Experiencias Baja atvrosaritotours\",\"url\":\"https:\\\/\\\/atvrosaritotours.com\\\/\",\"logo\":{\"@type\":\"ImageObject\",\"inLanguage\":\"en-US\",\"@id\":\"https:\\\/\\\/atvrosaritotours.com\\\/#\\\/schema\\\/logo\\\/image\\\/\",\"url\":\"https:\\\/\\\/atvrosaritotours.com\\\/wp-content\\\/uploads\\\/2021\\\/10\\\/experienciasbaja2-e1642742220832.jpeg\",\"contentUrl\":\"https:\\\/\\\/atvrosaritotours.com\\\/wp-content\\\/uploads\\\/2021\\\/10\\\/experienciasbaja2-e1642742220832.jpeg\",\"width\":300,\"height\":300,\"caption\":\"Experiencias Baja atvrosaritotours\"},\"image\":{\"@id\":\"https:\\\/\\\/atvrosaritotours.com\\\/#\\\/schema\\\/logo\\\/image\\\/\"},\"sameAs\":[\"https:\\\/\\\/www.facebook.com\\\/winetoursvalledeguadalupe\\\/\",\"https:\\\/\\\/www.instagram.com\\\/atvrosaritotours\",\"https:\\\/\\\/www.youtube.com\\\/channel\\\/UCn-nOKeLooCDHxEfuofijFQ\"]}]}<\/script>\n<!-- \/ Yoast SEO plugin. -->","yoast_head_json":{"title":"Tirolesa y atv tour - Cuatrimotos","description":"\"Disfruta de la aventura con tirolesa y ATV tour en Rosarito. Vive emociones \\u00fanicas con paisajes impresionantes y adrenalina.\"","robots":{"index":"index","follow":"follow","max-snippet":"max-snippet:-1","max-image-preview":"max-image-preview:large","max-video-preview":"max-video-preview:-1"},"canonical":"https:\/\/atvrosaritotours.com\/en\/tirolesa-y-atv-tour\/","og_locale":"en_US","og_type":"article","og_title":"Tirolesa y atv tour - Cuatrimotos","og_description":"\"Disfruta de la aventura con tirolesa y ATV tour en Rosarito. Vive emociones \u00fanicas con paisajes impresionantes y adrenalina.\"","og_url":"https:\/\/atvrosaritotours.com\/en\/tirolesa-y-atv-tour\/","og_site_name":"Atv Rosarito Tours","article_publisher":"https:\/\/www.facebook.com\/winetoursvalledeguadalupe\/","article_modified_time":"2025-10-07T17:57:01+00:00","og_image":[{"width":1080,"height":1080,"url":"https:\/\/atvrosaritotours.com\/wp-content\/uploads\/2023\/10\/WhatsApp-Image-2023-10-17-at-3.20.32-PM.jpeg","type":"image\/jpeg"}],"twitter_card":"summary_large_image","twitter_misc":{"Est. reading time":"2 minutes"},"schema":{"@context":"https:\/\/schema.org","@graph":[{"@type":"WebPage","@id":"https:\/\/atvrosaritotours.com\/tirolesa-y-atv-tour\/","url":"https:\/\/atvrosaritotours.com\/tirolesa-y-atv-tour\/","name":"Tirolesa y atv tour - Cuatrimotos","isPartOf":{"@id":"https:\/\/atvrosaritotours.com\/#website"},"primaryImageOfPage":{"@id":"https:\/\/atvrosaritotours.com\/tirolesa-y-atv-tour\/#primaryimage"},"image":{"@id":"https:\/\/atvrosaritotours.com\/tirolesa-y-atv-tour\/#primaryimage"},"thumbnailUrl":"https:\/\/atvrosaritotours.com\/wp-content\/uploads\/2023\/10\/WhatsApp-Image-2023-10-17-at-3.20.32-PM.jpeg","datePublished":"2023-10-17T23:49:12+00:00","dateModified":"2025-10-07T17:57:01+00:00","description":"\"Disfruta de la aventura con tirolesa y ATV tour en Rosarito. Vive emociones \\u00fanicas con paisajes impresionantes y adrenalina.\"","breadcrumb":{"@id":"https:\/\/atvrosaritotours.com\/tirolesa-y-atv-tour\/#breadcrumb"},"inLanguage":"en-US","potentialAction":[{"@type":"ReadAction","target":["https:\/\/atvrosaritotours.com\/tirolesa-y-atv-tour\/"]}]},{"@type":"ImageObject","inLanguage":"en-US","@id":"https:\/\/atvrosaritotours.com\/tirolesa-y-atv-tour\/#primaryimage","url":"https:\/\/atvrosaritotours.com\/wp-content\/uploads\/2023\/10\/WhatsApp-Image-2023-10-17-at-3.20.32-PM.jpeg","contentUrl":"https:\/\/atvrosaritotours.com\/wp-content\/uploads\/2023\/10\/WhatsApp-Image-2023-10-17-at-3.20.32-PM.jpeg","width":1080,"height":1080},{"@type":"BreadcrumbList","@id":"https:\/\/atvrosaritotours.com\/tirolesa-y-atv-tour\/#breadcrumb","itemListElement":[{"@type":"ListItem","position":1,"name":"Portada","item":"https:\/\/atvrosaritotours.com\/"},{"@type":"ListItem","position":2,"name":"Tirolesa y atv tour"}]},{"@type":"WebSite","@id":"https:\/\/atvrosaritotours.com\/#website","url":"https:\/\/atvrosaritotours.com\/","name":"Atv Rosarito Tours","description":"ATV en Rosarito y Tours en el Valle de Guadalupe","publisher":{"@id":"https:\/\/atvrosaritotours.com\/#organization"},"potentialAction":[{"@type":"SearchAction","target":{"@type":"EntryPoint","urlTemplate":"https:\/\/atvrosaritotours.com\/?s={search_term_string}"},"query-input":{"@type":"PropertyValueSpecification","valueRequired":true,"valueName":"search_term_string"}}],"inLanguage":"en-US"},{"@type":"Organization","@id":"https:\/\/atvrosaritotours.com\/#organization","name":"Experiencias Baja atvrosaritotours","url":"https:\/\/atvrosaritotours.com\/","logo":{"@type":"ImageObject","inLanguage":"en-US","@id":"https:\/\/atvrosaritotours.com\/#\/schema\/logo\/image\/","url":"https:\/\/atvrosaritotours.com\/wp-content\/uploads\/2021\/10\/experienciasbaja2-e1642742220832.jpeg","contentUrl":"https:\/\/atvrosaritotours.com\/wp-content\/uploads\/2021\/10\/experienciasbaja2-e1642742220832.jpeg","width":300,"height":300,"caption":"Experiencias Baja atvrosaritotours"},"image":{"@id":"https:\/\/atvrosaritotours.com\/#\/schema\/logo\/image\/"},"sameAs":["https:\/\/www.facebook.com\/winetoursvalledeguadalupe\/","https:\/\/www.instagram.com\/atvrosaritotours","https:\/\/www.youtube.com\/channel\/UCn-nOKeLooCDHxEfuofijFQ"]}]}},"brizy_media":[],"_links":{"self":[{"href":"https:\/\/atvrosaritotours.com\/en\/wp-json\/wp\/v2\/pages\/2060","targetHints":{"allow":["GET"]}}],"collection":[{"href":"https:\/\/atvrosaritotours.com\/en\/wp-json\/wp\/v2\/pages"}],"about":[{"href":"https:\/\/atvrosaritotours.com\/en\/wp-json\/wp\/v2\/types\/page"}],"author":[{"embeddable":true,"href":"https:\/\/atvrosaritotours.com\/en\/wp-json\/wp\/v2\/users\/1"}],"replies":[{"embeddable":true,"href":"https:\/\/atvrosaritotours.com\/en\/wp-json\/wp\/v2\/comments?post=2060"}],"version-history":[{"count":4,"href":"https:\/\/atvrosaritotours.com\/en\/wp-json\/wp\/v2\/pages\/2060\/revisions"}],"predecessor-version":[{"id":2671,"href":"https:\/\/atvrosaritotours.com\/en\/wp-json\/wp\/v2\/pages\/2060\/revisions\/2671"}],"wp:featuredmedia":[{"embeddable":true,"href":"https:\/\/atvrosaritotours.com\/en\/wp-json\/wp\/v2\/media\/2052"}],"wp:attachment":[{"href":"https:\/\/atvrosaritotours.com\/en\/wp-json\/wp\/v2\/media?parent=2060"}],"curies":[{"name":"wp","href":"https:\/\/api.w.org\/{rel}","templated":true}]}}